{"id":1407,"date":"2024-05-05T11:43:53","date_gmt":"2024-05-05T09:43:53","guid":{"rendered":"https:\/\/tanja-hoyer.de\/?page_id=1407"},"modified":"2024-05-05T12:05:28","modified_gmt":"2024-05-05T10:05:28","slug":"sexuelle-heilarbeit-und-begleitung","status":"publish","type":"page","link":"https:\/\/tanja-hoyer.de\/?page_id=1407","title":{"rendered":"Sexuelle Heilarbeit und Begleitung"},"content":{"rendered":"<div class=\"wp-block-image\">\n<figure class=\"aligncenter size-large is-resized\"><a href=\"https:\/\/tanja-hoyer.de\/wp-content\/uploads\/2024\/05\/60D9E23D-3413-42DB-912E-3DFEE90A7209.jpeg\"><img loading=\"lazy\" decoding=\"async\" width=\"819\" height=\"1024\" src=\"https:\/\/tanja-hoyer.de\/wp-content\/uploads\/2024\/05\/60D9E23D-3413-42DB-912E-3DFEE90A7209-819x1024.jpeg\" alt=\"\" class=\"wp-image-1408\" style=\"width:199px;height:auto\" srcset=\"https:\/\/tanja-hoyer.de\/wp-content\/uploads\/2024\/05\/60D9E23D-3413-42DB-912E-3DFEE90A7209-819x1024.jpeg 819w, https:\/\/tanja-hoyer.de\/wp-content\/uploads\/2024\/05\/60D9E23D-3413-42DB-912E-3DFEE90A7209-240x300.jpeg 240w, https:\/\/tanja-hoyer.de\/wp-content\/uploads\/2024\/05\/60D9E23D-3413-42DB-912E-3DFEE90A7209-768x960.jpeg 768w, https:\/\/tanja-hoyer.de\/wp-content\/uploads\/2024\/05\/60D9E23D-3413-42DB-912E-3DFEE90A7209-1229x1536.jpeg 1229w, https:\/\/tanja-hoyer.de\/wp-content\/uploads\/2024\/05\/60D9E23D-3413-42DB-912E-3DFEE90A7209.jpeg 1620w\" sizes=\"auto, (max-width: 819px) 100vw, 819px\" \/><\/a><\/figure>\n<\/div>\n\n\n<p><\/p>\n\n\n\n<p>Neben meiner therapeutischen Arbeit habe ich sehr viele Jahre praktisch mit Sexualit\u00e4t gearbeitet. In der erotischen Dominanz, in der Sexualbegleitung und Sexualassistenz, im Kontext von erotischen und tantrischen Massagen.<\/p>\n\n\n\n<p>Durch diese vielf\u00e4ltige Erfahrungen mit sehr unterschiedlichen Menschen, der Arbeit mit dem K\u00f6rper und Sexualit\u00e4t (Hands on*1), sowie im therapeutischen Bereich (Hands off*2) ist mir sehr klar geworden, dass viele Menschen auch sexuell traumatisiert ist, individuell und kollektiv. Neben den Traumata die wir alle so mit uns und in uns herum tragen ist der sexuelle  Bereich unseres Lebens meist der, der am intimsten ist und der der mit den tiefsten Gef\u00fchlen von Scham verbunden ist. Deshalb werden diese Wunden vom Menschen am dicksten &#8222;verpackt&#8220; und im sexuellen Kontakt mit anderen immer wieder \u00fcbergangen oder auch wieder und wieder reproduziert. <\/p>\n\n\n\n<p>In den Sitzungen mit den Menschen mit denen ich bisher gearbeitet habe gibt es sehr unterschiedliche Verletzungen im sexuellen Kontext. Beispielsweise Schmerzen oder Dissoziationen durch regelm\u00e4\u00dfige Grenz\u00fcberschreitungen die Frauen erlebt haben, starke Versagens\u00e4ngste von M\u00e4nnern im Kontext von erotischem Kontakt oder \u00fcberhaupt Phobien im Umgang mit Frauen. Nat\u00fcrlich tragen auch Menschen die *trans oder nicht bin\u00e4r sind solche Wunden mit sich.<\/p>\n\n\n\n<p>In der praktischen Arbeit mit dem K\u00f6rper, mit Ber\u00fchrungen und auch mit inszenierten erotischen Situationen k\u00f6nnen in einem bewussten und achtsamen Miteinander (in dem keine sexuellen Programme(*3) abgespult werden) schmerzhafte Verletzungen aufgedeckt und mit viel Zeit und Raum geheilt werden.<\/p>\n\n\n\n<p><mark style=\"background-color: rgba(0, 0, 0, 0);\" class=\"has-inline-color has-vivid-red-color\"><b>(* <\/b><\/mark><strong><mark style=\"background-color:rgba(0, 0, 0, 0)\" class=\"has-inline-color has-vivid-red-color\">1)<\/mark><\/strong> <strong><mark style=\"background-color:rgba(0, 0, 0, 0)\" class=\"has-inline-color has-vivid-red-color\">Aus verschiedenen Gr\u00fcnden ist es im &#8222;psychotherapeutischen Kontext&#8220; ist es nicht angemessen und untersagt mit Ber\u00fchrungen seitens der\/des Therapeut*innen an den Klient*innen zu arbeiten. (Hands-off) <\/mark><\/strong><\/p>\n\n\n\n<p><strong><mark style=\"background-color:rgba(0, 0, 0, 0)\" class=\"has-inline-color has-vivid-red-color\">(*2) Sexarbeiter*innen hingeben sind Menschen, die praktisch mit Ber\u00fchrungen, erotischen Begegnungen, sexuellem Kontakt arbeiten.<\/mark><\/strong> <strong><mark style=\"background-color:rgba(0, 0, 0, 0)\" class=\"has-inline-color has-vivid-red-color\">(Hands-on)<\/mark><\/strong><\/p>\n\n\n\n<p>Allerdings gibt es unter den Sexarbeitenden in Deutschland nur sehr wenige Menschen, die auch einen therapeutischen Blick auf das Thema &#8222;Trauma und Sexualit\u00e4t&#8220; haben und ebenso wenige die Tools und das Backgroundwissen besitzen um Menschen mit Traumata zu unterst\u00fctzen und zu begleiten. <\/p>\n\n\n\n<p>Die Bedarf und der Wunsch nach dem &#8222;heil werden&#8220; in der Sexualit\u00e4t ist jedoch sehr gro\u00df. Ich habe auf Vortr\u00e4gen und Seminaren in den letzten Jahren unter anderem viel mit Psychotherapeut*innen und Sexualtherapeut*innen zu tun gehabt. Sie sehen, wie ich, einen gro\u00dfen Bedarf an Menschen die mit einem passenden Background &#8222;Hands-on&#8220; arbeiten. Aus diesem Grund habe ich entschieden, nebst meine therapeutischen Arbeit nun auch sexuelle Heilarbeit mit Ber\u00fchrung wieder in mein Repertoire aufzunehmen. Nat\u00fcrlich ganz klar in der Abgrenzung zu meiner Arbeit als Therapeutin und Paarberaterin. Und auch in Abgrenzung zu sexuellen Dienstleistungen, diese biete ich nicht mehr an.<\/p>\n\n\n\n<p>Sollten Sie weitere Fragen dazu haben, scheuen Sie sich nicht mich anzusprechen.<\/p>\n\n\n\n<p>(3*) Mit sexuellen Programmen ist das gemeint, was wir alle im Kopf haben, wie Sex sein sollte. Zum Beispiel aus Pornos, Erziehung oder was wir selber uns beigebracht haben.&nbsp;Diese Programme haben oftmals nicht so viel mit dem zu tun was eigentlich &#8222;angelegt&#8220; oder &#8222;stimmig&#8220; w\u00e4re.<\/p>\n\n\n\n<p>Weitere Infos zu meiner Arbeit finden Sie auch unter: www.daria-onier.de<\/p>\n\n\n\n<p><\/p>\n","protected":false},"excerpt":{"rendered":"<p>Neben meiner therapeutischen Arbeit habe ich sehr viele Jahre praktisch mit Sexualit\u00e4t gearbeitet. In der erotischen Dominanz, in der Sexualbegleitung und Sexualassistenz, im Kontext von erotischen und tantrischen Massagen. Durch diese vielf\u00e4ltige Erfahrungen mit sehr unterschiedlichen Menschen, der Arbeit mit dem K\u00f6rper und Sexualit\u00e4t (Hands on*1), sowie im therapeutischen Bereich&#8230;<\/p>\n","protected":false},"author":2,"featured_media":1408,"parent":0,"menu_order":0,"comment_status":"closed","ping_status":"closed","template":"","meta":{"footnotes":""},"class_list":["post-1407","page","type-page","status-publish","has-post-thumbnail","hentry"],"_links":{"self":[{"href":"https:\/\/tanja-hoyer.de\/index.php?rest_route=\/wp\/v2\/pages\/1407","targetHints":{"allow":["GET"]}}],"collection":[{"href":"https:\/\/tanja-hoyer.de\/index.php?rest_route=\/wp\/v2\/pages"}],"about":[{"href":"https:\/\/tanja-hoyer.de\/index.php?rest_route=\/wp\/v2\/types\/page"}],"author":[{"embeddable":true,"href":"https:\/\/tanja-hoyer.de\/index.php?rest_route=\/wp\/v2\/users\/2"}],"replies":[{"embeddable":true,"href":"https:\/\/tanja-hoyer.de\/index.php?rest_route=%2Fwp%2Fv2%2Fcomments&post=1407"}],"version-history":[{"count":7,"href":"https:\/\/tanja-hoyer.de\/index.php?rest_route=\/wp\/v2\/pages\/1407\/revisions"}],"predecessor-version":[{"id":1418,"href":"https:\/\/tanja-hoyer.de\/index.php?rest_route=\/wp\/v2\/pages\/1407\/revisions\/1418"}],"wp:featuredmedia":[{"embeddable":true,"href":"https:\/\/tanja-hoyer.de\/index.php?rest_route=\/wp\/v2\/media\/1408"}],"wp:attachment":[{"href":"https:\/\/tanja-hoyer.de\/index.php?rest_route=%2Fwp%2Fv2%2Fmedia&parent=1407"}],"curies":[{"name":"wp","href":"https:\/\/api.w.org\/{rel}","templated":true}]}}