{"id":1421,"date":"2024-05-20T11:41:47","date_gmt":"2024-05-20T09:41:47","guid":{"rendered":"https:\/\/tanja-hoyer.de\/?page_id=1421"},"modified":"2025-05-08T14:16:57","modified_gmt":"2025-05-08T12:16:57","slug":"aufklaerung-begleitung-vortraege-supervision","status":"publish","type":"page","link":"https:\/\/tanja-hoyer.de\/?page_id=1421","title":{"rendered":"Aufkl\u00e4rung, Begleitung, Vortr\u00e4ge, Supervision"},"content":{"rendered":"\n<div class=\"wp-block-group is-vertical is-content-justification-center is-nowrap is-layout-flex wp-container-core-group-is-layout-bd425151 wp-block-group-is-layout-flex\">\n<figure class=\"wp-block-image size-full is-resized\"><a href=\"https:\/\/tanja-hoyer.de\/wp-content\/uploads\/2020\/11\/9E4A1790-EFC0-4FFE-933C-EF03B854C0BD.jpeg\"><img loading=\"lazy\" decoding=\"async\" width=\"950\" height=\"954\" src=\"https:\/\/tanja-hoyer.de\/wp-content\/uploads\/2020\/11\/9E4A1790-EFC0-4FFE-933C-EF03B854C0BD.jpeg\" alt=\"\" class=\"wp-image-1617\" style=\"width:345px;height:auto\" srcset=\"https:\/\/tanja-hoyer.de\/wp-content\/uploads\/2020\/11\/9E4A1790-EFC0-4FFE-933C-EF03B854C0BD.jpeg 950w, https:\/\/tanja-hoyer.de\/wp-content\/uploads\/2020\/11\/9E4A1790-EFC0-4FFE-933C-EF03B854C0BD-300x300.jpeg 300w, https:\/\/tanja-hoyer.de\/wp-content\/uploads\/2020\/11\/9E4A1790-EFC0-4FFE-933C-EF03B854C0BD-150x150.jpeg 150w, https:\/\/tanja-hoyer.de\/wp-content\/uploads\/2020\/11\/9E4A1790-EFC0-4FFE-933C-EF03B854C0BD-768x771.jpeg 768w\" sizes=\"auto, (max-width: 950px) 100vw, 950px\" \/><\/a><\/figure>\n\n\n\n<p><br><\/p>\n\n\n\n<p><strong>Meine Erfahrung:<\/strong><\/p>\n\n\n\n<p>Ob Kinder, Jugendliche, Menschen mit Beeintr\u00e4chtigungen, Betreuer*innen, Einrichtungsleitungen, Erwachsene, selbst Therapeut*innen \u2013 fast alle haben oftmals eine gro\u00dfe Hemmschwelle \u00fcber Sexualit\u00e4t zu sprechen.<\/p>\n\n\n\n<p><strong>Alle Wesen sind sexuell und dennoch spricht niemand dr\u00fcber!&nbsp;<\/strong><\/p>\n\n\n\n<p>Es scheint f\u00fcr die meisten Menschen schwierig zu sein unbefangen, leicht und gl\u00fccklich mit sich selber und ihrer Sexualit\u00e4t umzugehen.<br>Leider nimmt uns, wenn wir jung sind, niemand an die Hand und lehrt uns was \u201eSexualit\u00e4t\u201c ist.<br>Viele Eltern sind befangen, haben Scham, das Thema Sexualit\u00e4t ist ihnen peinlich und sie haben \u00c4ngste. Aber auch wenn sexuelle Entwicklung in Familien in der Erziehung \u201eoffener\u201c verl\u00e4uft oder \u201enicht verschwiegen\u201c wird, sind trotzdem oft Scham, Unwohlsein und vielleicht auch ein Urteil im Raum. Kinder lernen schon sehr fr\u00fch, dass \u201eda etwas im Busch ist\u201c, \u201edas man das nicht darf\u201c oder \u201edas sich das nicht geh\u00f6rt\u201c.<\/p>\n\n\n\n<p><br>Ein Mensch wird allerdings schon als sexuelles Wesen geboren. Babys sind in ihrer Lust und Sexualit\u00e4t zwar nicht mit Jugendlichen und Erwachsenen zu vergleichen, aber schon wenige Monate nach der Geburt wird die Welt \u201eoral und lustvoll\u201c erkundet und einige Zeit sp\u00e4ter auch das eigene Geschlecht. F\u00fcr viele Eltern, Betreuer*innen &#8211; die \u201eerwachsenen Menschen\u201c eben &#8211; ist das meist schwierig. Weil auch ihnen niemand beigebracht hat, wie sie damit umgehen sollen. Sp\u00e4testens dann, wenn die Kinder beginnen lustvoll \u00fcber eine Sofakante zu rutschen oder erz\u00e4hlen, dass sie Doktorspiele \u201egespielt\u201c haben, wird es den Erziehungsberechtigten unangenehm und eine dem Kind gegen\u00fcber angemessene Reaktion bleibt h\u00e4ufig aus.&nbsp;<\/p>\n\n\n\n<p><br>Es fehlt das Vokabular, es fehlt Leichtigkeit und es fehlt \u00fcberhaupt eine ad\u00e4quate Auseinandersetzung mit dem Thema Sexualit\u00e4t, die eben nicht \u201ePornofilm\u201c und nicht \u201eSexualit\u00e4tsaufkl\u00e4rung in der Schule\u201c hei\u00dft. Zwei Gegens\u00e4tze, die gr\u00f6\u00dfer nicht sein k\u00f6nnten \u2013 beide sind nicht schlecht aber auch nicht unbedingt unterst\u00fctzend.<\/p>\n\n\n\n<p><br>Die J\u00fcngsten schauen heute schon Pornos und bekommen ein Bild von Sexualit\u00e4t vermittelt, was wenig mit der eigenen Realit\u00e4t und den eigenen Gef\u00fchlen gemein hat. Im Aufkl\u00e4rungsunterricht in der Schule lernen die Kids wie man Kondome benutzt, wie Eierst\u00f6cke und Hoden aussehen und welche Geschlechtskrankheiten es gibt \u2013 was ebenfalls eher wenig mit der Lebensrealit\u00e4t von Kindern und Jugendlichen zu tun hat. Es gibt zudem wenig positive Rollenvorbilder unter Erwachsenen mit denen man offen und angstfrei \u00fcber dieses Thema sprechen kann.<br>Als Heilerzieherin und meiner langj\u00e4hriger T\u00e4tigkeit als Sexualassistentin wei\u00df ich wie heikel das Thema Sexualit\u00e4t auch im Leben vieler Menschen mit Behinderungen ist. Einrichtungen und Betreuungspersonal sind mit dem Thema \u00fcberfordert und halten sich deshalb zur\u00fcck, klammern die Thematik zum Teil ganz aus oder verbieten Menschen, die dort leben ihre Sexualit\u00e4t.<\/p>\n\n\n\n<p><br>Aber auch bei Menschen mit Beeintr\u00e4chtigungen ist Sexualit\u00e4t ein Grundbed\u00fcrfnis und k\u00f6rperliche N\u00e4he, fern ab von \u201eLagerungen\u201c oder \u201cK\u00f6rperpflege\u201c ist basal und wichtig, doch leider nur selten gesehen.&nbsp;Ber\u00fchrungen, erotischer Kontakt, N\u00e4he sind n\u00e4hrend f\u00fcr jedes Menschenwesen \u2013 vor allem, wenn sie positiv belegt sind und \u00fcberhaupt sein d\u00fcrfen.<\/p>\n\n\n\n<p><br>Und: Sexuelle Energie ist Lebensenergie, auch wenn es auf den ersten Blick komisch klingen mag. Wenn Sie einem Baby zusehen, dass die Umgebung lustvoll erkundet, da ist ganz viel \u201eLebendigkeit\u201c.<br>Lebendigkeit, Lust und Leidenschaft geh\u00f6ren in unser aller Leben \u2013 es ist eine gro\u00dfe Kraft, sich auf allen Ebenen zu erleben. Sich lustvoll im eigenen K\u00f6rper zu sp\u00fcren, sich wohlig warm zu f\u00fchlen, zu wissen wer man als leidenschaftlicher Mensch ist, sind grundlegend f\u00fcr unser gesamtes Leben und unsere Pers\u00f6nlichkeit. <\/p>\n\n\n\n<p><\/p>\n\n\n\n<p><strong>Ebenso wichtig f\u00fcr die Entwicklung und das Selbstbewusstsein ist es:<\/strong><\/p>\n\n\n\n<ul class=\"wp-block-list\">\n<li>gut zu sich selbst zu sein<\/li>\n\n\n\n<li>angstfrei mit dem eigenen K\u00f6rper zu sein<\/li>\n\n\n\n<li>einen liebevollen Umgang mit sich und seinem K\u00f6rper zu lernen und zu haben<\/li>\n\n\n\n<li>in der Lage zu sein sich selbst eine sch\u00f6ne Zeit zu bereiten<\/li>\n\n\n\n<li>sich k\u00f6rperlich zart oder leidenschaftlich zu erfahren<\/li>\n\n\n\n<li>und seine (k\u00f6rperlichen) Grenzen kennenzulernen<\/li>\n\n\n\n<li>sich in erotischen Situationen abgrenzen zu k\u00f6nnen<\/li>\n\n\n\n<li>wenn man wei\u00df, wie das eigene Tempo im Sexuellen ist<\/li>\n\n\n\n<li>zu wissen, was man sexuell m\u00f6chte oder nicht<\/li>\n<\/ul>\n\n\n\n<p><\/p>\n\n\n\n<p><strong>Selbstbewusstsein bedeutet, sich seiner Selbst bewusst zu sein \u2013 und zwar in allen Bereichen des Lebens.<\/strong><\/p>\n\n\n\n<p><\/p>\n\n\n\n<p><strong>\u00dcbergriffe im Sexuellen entstehen, unter anderem:<\/strong><\/p>\n\n\n\n<ul class=\"wp-block-list\">\n<li>wenn Menschen keinen ad\u00e4quaten Umgang mit der Sexualit\u00e4t gelernt haben<\/li>\n\n\n\n<li>wenn Menschen kein Gef\u00fchl f\u00fcr sich selbst und ihr Gegen\u00fcber haben<\/li>\n\n\n\n<li>wenn Dinge als Tabu oder als Schmutz gehandhabt werden<\/li>\n\n\n\n<li>wenn Menschen versuchen Dinge zu \u201einszenieren\u201c die mit der eigenen Realit\u00e4t nichts zu tun hat<\/li>\n\n\n\n<li>wenn Menschen Angst haben<\/li>\n\n\n\n<li>wenn Menschen unsicher sind<\/li>\n\n\n\n<li>wenn man zu schnell agiert<\/li>\n\n\n\n<li>wenn Menschen nicht wissen mit wem man \u00fcber das \u201eALLES\u201c sprechen kann, also die sexuellen Themen, die wirklich wichtig sind<\/li>\n\n\n\n<li>wenn Menschen keine Grenzen haben und setzen k\u00f6nnen<\/li>\n\n\n\n<li>wenn Menschen unbewusst sind<\/li>\n\n\n\n<li><\/li>\n<\/ul>\n\n\n\n<p>Es braucht dringend eine angemessene Aufkl\u00e4rung f\u00fcr Kinder und Jugendliche zu dem Thema Sexualit\u00e4t.&nbsp;Es ben\u00f6tigt dazu Supervision in Einrichtungen und eine \u201eechte\u201c \u00d6ffnung dem Thema Sexualit\u00e4t gegen\u00fcber.&nbsp;Und ein Vokabular und den Mut \u00fcber Sexualit\u00e4t zu sprechen.<\/p>\n\n\n\n<p>Durch meine facettenreiche langj\u00e4hrige Erfahrung in der Sexualtherapie, mit Aufkl\u00e4rungsarbeit und allen Themen Rund um Sexualit\u00e4t bin ich angstfrei und kann Sie mit Leichtigkeit und Offenheit zu allen Fragen und Anliegen unterst\u00fctzen.&nbsp;<strong>Hier ein Zitat eines Kollegen von mir. \u201eIch kenne niemanden der so entspannt und offen \u00fcber Sexualit\u00e4t spricht wie Sie, Frau Hoyer!\u201c<\/strong><\/p>\n\n\n\n<p><\/p>\n\n\n\n<p>Scheuen Sie sich nicht, Ihr Anliegen an mich zu richten. Ich passe meine Vortr\u00e4ge, Gespr\u00e4chsgruppen, Supervision auf Ihre Bedarfe hin an. <\/p>\n\n\n\n<p>Hier noch ein paar Worte von mir zum Thema<a href=\"https:\/\/youtu.be\/pzWmPH54nC8?si=jwO9SXDp7EF5brJJ\"> Aufkl\u00e4rung<\/a>.<\/p>\n<\/div>\n\n\n\n<p><\/p>\n\n\n\n<p><\/p>\n\n\n\n<p><\/p>\n\n\n\n<p><\/p>\n\n\n\n<p><\/p>\n\n\n\n<p><\/p>\n\n\n\n<p><\/p>\n\n\n\n<p><\/p>\n","protected":false},"excerpt":{"rendered":"<p>Meine Erfahrung: Ob Kinder, Jugendliche, Menschen mit Beeintr\u00e4chtigungen, Betreuer*innen, Einrichtungsleitungen, Erwachsene, selbst Therapeut*innen \u2013 fast alle haben oftmals eine gro\u00dfe Hemmschwelle \u00fcber Sexualit\u00e4t zu sprechen. Alle Wesen sind sexuell und dennoch spricht niemand dr\u00fcber!&nbsp; Es scheint f\u00fcr die meisten Menschen schwierig zu sein unbefangen, leicht und gl\u00fccklich mit sich selber&#8230;<\/p>\n","protected":false},"author":2,"featured_media":149,"parent":0,"menu_order":0,"comment_status":"closed","ping_status":"closed","template":"","meta":{"footnotes":""},"class_list":["post-1421","page","type-page","status-publish","has-post-thumbnail","hentry"],"_links":{"self":[{"href":"https:\/\/tanja-hoyer.de\/index.php?rest_route=\/wp\/v2\/pages\/1421","targetHints":{"allow":["GET"]}}],"collection":[{"href":"https:\/\/tanja-hoyer.de\/index.php?rest_route=\/wp\/v2\/pages"}],"about":[{"href":"https:\/\/tanja-hoyer.de\/index.php?rest_route=\/wp\/v2\/types\/page"}],"author":[{"embeddable":true,"href":"https:\/\/tanja-hoyer.de\/index.php?rest_route=\/wp\/v2\/users\/2"}],"replies":[{"embeddable":true,"href":"https:\/\/tanja-hoyer.de\/index.php?rest_route=%2Fwp%2Fv2%2Fcomments&post=1421"}],"version-history":[{"count":10,"href":"https:\/\/tanja-hoyer.de\/index.php?rest_route=\/wp\/v2\/pages\/1421\/revisions"}],"predecessor-version":[{"id":1635,"href":"https:\/\/tanja-hoyer.de\/index.php?rest_route=\/wp\/v2\/pages\/1421\/revisions\/1635"}],"wp:featuredmedia":[{"embeddable":true,"href":"https:\/\/tanja-hoyer.de\/index.php?rest_route=\/wp\/v2\/media\/149"}],"wp:attachment":[{"href":"https:\/\/tanja-hoyer.de\/index.php?rest_route=%2Fwp%2Fv2%2Fmedia&parent=1421"}],"curies":[{"name":"wp","href":"https:\/\/api.w.org\/{rel}","templated":true}]}}