{"id":1797,"date":"2026-04-07T16:39:47","date_gmt":"2026-04-07T14:39:47","guid":{"rendered":"https:\/\/tanja-hoyer.de\/?page_id=1797"},"modified":"2026-04-07T16:42:36","modified_gmt":"2026-04-07T14:42:36","slug":"anmeldung-zum-workshop-beruehren-lernen-und-beruehrt-werden","status":"publish","type":"page","link":"https:\/\/tanja-hoyer.de\/?page_id=1797","title":{"rendered":"Anmeldung zum Workshop: Ber\u00fchren lernen und ber\u00fchrt werden am 21. November 2026"},"content":{"rendered":"\n<div class=\"wp-block-contact-form-7-contact-form-selector\">\n<div class=\"wpcf7 no-js\" id=\"wpcf7-f1760-o1\" lang=\"de-DE\" dir=\"ltr\" data-wpcf7-id=\"1760\">\n<div class=\"screen-reader-response\"><p role=\"status\" aria-live=\"polite\" aria-atomic=\"true\"><\/p> <ul><\/ul><\/div>\n<form action=\"\/index.php?rest_route=%2Fwp%2Fv2%2Fpages%2F1797#wpcf7-f1760-o1\" method=\"post\" class=\"wpcf7-form init\" aria-label=\"Kontaktformular\" novalidate=\"novalidate\" data-status=\"init\">\n<fieldset class=\"hidden-fields-container\"><input type=\"hidden\" name=\"_wpcf7\" value=\"1760\" \/><input type=\"hidden\" name=\"_wpcf7_version\" value=\"6.1.5\" \/><input type=\"hidden\" name=\"_wpcf7_locale\" value=\"de_DE\" \/><input type=\"hidden\" name=\"_wpcf7_unit_tag\" value=\"wpcf7-f1760-o1\" \/><input type=\"hidden\" name=\"_wpcf7_container_post\" value=\"0\" \/><input type=\"hidden\" name=\"_wpcf7_posted_data_hash\" value=\"\" \/>\n<\/fieldset>\n<style type=\"text\/css\">.beeeccbecefd { position: absolute !important; left: -9999vw !important; }<\/style><div id=\"\" class=\"beeeccbecefd\"><label for=\"website-beeeccbecefd\">Website<\/label><input type=\"url\" name=\"website\" value=\"\" autocomplete=\"disable\" tabindex=\"-1\" id=\"website-beeeccbecefd\"  \/><label for=\"firstname-beeeccbecefd\">First Name<\/label><input type=\"text\" name=\"firstname\" value=\"\" autocomplete=\"disable\" tabindex=\"-1\" id=\"firstname-beeeccbecefd\"  \/><label for=\"lastname-beeeccbecefd\">Last Name<\/label><input type=\"text\" name=\"lastname\" value=\"\" autocomplete=\"disable\" tabindex=\"-1\" id=\"lastname-beeeccbecefd\"  \/><label for=\"email-beeeccbecefd\">Email<\/label><input type=\"email\" name=\"email\" value=\"\" autocomplete=\"disable\" tabindex=\"-1\" id=\"email-beeeccbecefd\"  \/><label for=\"4b5e78246521605e0eccb0e3ce7f2d-beeeccbecefd\"><\/label><input type=\"text\" name=\"4b5e78246521605e0eccb0e3ce7f2d\" value=\"\" autocomplete=\"disable\" tabindex=\"-1\" id=\"4b5e78246521605e0eccb0e3ce7f2d-beeeccbecefd\"  \/><\/div><p><label> Dein Name<br \/>\n<span class=\"wpcf7-form-control-wrap\" data-name=\"your-name\"><input size=\"40\" maxlength=\"400\" class=\"wpcf7-form-control wpcf7-text wpcf7-validates-as-required\" autocomplete=\"name\" aria-required=\"true\" aria-invalid=\"false\" value=\"\" type=\"text\" name=\"your-name\" \/><\/span> <\/label>\n<\/p>\n<p><label> Deine Adresse<br \/>\n<span class=\"wpcf7-form-control-wrap\" data-name=\"your-subject\"><input size=\"40\" maxlength=\"400\" class=\"wpcf7-form-control wpcf7-text wpcf7-validates-as-required\" aria-required=\"true\" aria-invalid=\"false\" value=\"\" type=\"text\" name=\"your-subject\" \/><\/span> <\/label>\n<\/p>\n<p><label> Deine E-Mail-Adresse<br \/>\n<span class=\"wpcf7-form-control-wrap\" data-name=\"your-email\"><input size=\"40\" maxlength=\"400\" class=\"wpcf7-form-control wpcf7-email wpcf7-validates-as-required wpcf7-text wpcf7-validates-as-email\" aria-required=\"true\" aria-invalid=\"false\" value=\"\" type=\"email\" name=\"your-email\" \/><\/span> <\/label>\n<\/p>\n<p><label> Deine Telefonnummer<br \/>\n<span class=\"wpcf7-form-control-wrap\" data-name=\"tel-174\"><input size=\"40\" maxlength=\"400\" class=\"wpcf7-form-control wpcf7-tel wpcf7-validates-as-required wpcf7-text wpcf7-validates-as-tel\" aria-required=\"true\" aria-invalid=\"false\" value=\"\" type=\"tel\" name=\"tel-174\" \/><\/span> <\/label>\n<\/p>\n<p><label> Deine Nachricht\/Anmeldung als Einzelperson oder Paar (optional)<br \/>\n<span class=\"wpcf7-form-control-wrap\" data-name=\"your-message\"><textarea cols=\"40\" rows=\"10\" maxlength=\"2000\" class=\"wpcf7-form-control wpcf7-textarea\" aria-invalid=\"false\" name=\"your-message\"><\/textarea><\/span> <\/label>\n<\/p>\n<p><span class=\"wpcf7-form-control-wrap\" data-name=\"acceptance-461\"><span class=\"wpcf7-form-control wpcf7-acceptance\"><span class=\"wpcf7-list-item\"><label><input type=\"checkbox\" name=\"acceptance-461\" value=\"1\" aria-invalid=\"false\" \/><span class=\"wpcf7-list-item-label\">Stimme den Anmelde- und den Stornierungsvereinbarungen zu: Die Anmeldung zum Ber\u00fchrungskurs am 21. November 2026 erfolgt verbindlich \u00fcber das Absenden dieses Formulares. Bei Stornierung bis zu 10 Tagen vor dem Workshop entstehenden Dir keine Kosten. Bei Absagen innerhalb von 7 Tagen vor den Veranstaltungstermin verpflichtest Du Dich zu einer Zahlung in H\u00f6he von 50% der Kursgeb\u00fchr. Bei einer Absage innerhalb von 3 Tagen vor dem Kurs musst Du leider f\u00fcr den gesamten Beitrag aufkommen.<\/span><\/label><\/span><\/span><\/span>\n<\/p>\n<p><input class=\"wpcf7-form-control wpcf7-submit has-spinner\" type=\"submit\" value=\"Senden\" \/>\n<\/p><div class=\"wpcf7-response-output\" aria-hidden=\"true\"><\/div>\n<\/form>\n<\/div>\n<\/div>\n","protected":false},"excerpt":{"rendered":"<p>WebsiteFirst NameLast NameEmail Dein Name Deine Adresse Deine E-Mail-Adresse Deine Telefonnummer Deine Nachricht\/Anmeldung als Einzelperson oder Paar (optional) Stimme den Anmelde- und den Stornierungsvereinbarungen zu: Die Anmeldung zum Ber\u00fchrungskurs am 21. November 2026 erfolgt verbindlich \u00fcber das Absenden dieses Formulares. Bei Stornierung bis zu 10 Tagen vor dem Workshop entstehenden&#8230;<\/p>\n","protected":false},"author":2,"featured_media":0,"parent":0,"menu_order":0,"comment_status":"closed","ping_status":"closed","template":"","meta":{"footnotes":""},"class_list":["post-1797","page","type-page","status-publish","hentry"],"_links":{"self":[{"href":"https:\/\/tanja-hoyer.de\/index.php?rest_route=\/wp\/v2\/pages\/1797","targetHints":{"allow":["GET"]}}],"collection":[{"href":"https:\/\/tanja-hoyer.de\/index.php?rest_route=\/wp\/v2\/pages"}],"about":[{"href":"https:\/\/tanja-hoyer.de\/index.php?rest_route=\/wp\/v2\/types\/page"}],"author":[{"embeddable":true,"href":"https:\/\/tanja-hoyer.de\/index.php?rest_route=\/wp\/v2\/users\/2"}],"replies":[{"embeddable":true,"href":"https:\/\/tanja-hoyer.de\/index.php?rest_route=%2Fwp%2Fv2%2Fcomments&post=1797"}],"version-history":[{"count":2,"href":"https:\/\/tanja-hoyer.de\/index.php?rest_route=\/wp\/v2\/pages\/1797\/revisions"}],"predecessor-version":[{"id":1800,"href":"https:\/\/tanja-hoyer.de\/index.php?rest_route=\/wp\/v2\/pages\/1797\/revisions\/1800"}],"wp:attachment":[{"href":"https:\/\/tanja-hoyer.de\/index.php?rest_route=%2Fwp%2Fv2%2Fmedia&parent=1797"}],"curies":[{"name":"wp","href":"https:\/\/api.w.org\/{rel}","templated":true}]}}