{"id":19,"date":"2015-04-15T17:04:24","date_gmt":"2015-04-15T15:04:24","guid":{"rendered":"https:\/\/tanja-hoyer.de\/?page_id=19"},"modified":"2025-05-08T14:21:29","modified_gmt":"2025-05-08T12:21:29","slug":"berufung","status":"publish","type":"page","link":"https:\/\/tanja-hoyer.de\/?page_id=19","title":{"rendered":"&#8222;Beruf&#8220;ung"},"content":{"rendered":"<p>1977 erblickte ich in Niedersachsen das Licht der Welt und verbrachte meine Kindheit und Jugend auf dem Lande. Nach meinem Realschulabschlu\u00df und der h\u00f6heren Handelsschule entdeckte ich auf der Sozialpflegeschule den sozialen Bereich f\u00fcr mich und wurde im Jahre 2000 staatlich anerkannte und examinierte Erzieherin.<\/p>\n<p>Mein Weg f\u00fchrte mich zuerst in den Bereich der Integration in eine Kindertagesst\u00e4tte. Um weitere Erfahrungen zu sammeln, wechselte ich nach einigen Jahren in die station\u00e4re Jugendhilfe nach Hamburg. Sp\u00e4ter f\u00fchrte mich mein beruflicher Weg in die offene Jugendarbeit. \u00a0Es war eine wunderbare Arbeit und ich bin dankbar, dass ich so Kindern und Jugendlichen in ihrer Entwicklung eine Unterst\u00fctzung sein konnte.<\/p>\n<p>Am tiefsten bewegt hat mich in all den Jahren jedoch die integrative Arbeit mit &#8222;von Behinderung bedrohten Kindern&#8220; und \u201eKindern mit Behinderungen\u201c, in die ich dann letztlich wieder zur\u00fcckgekehrt bin.<\/p>\n<p>Die Beratung und Zusammenarbeit mit Eltern war damals ein gro\u00dfer Bestandteil meiner T\u00e4tigkeit und hat mich sehr gepr\u00e4gt. Es war mir ein gro\u00dfes Anliegen, den Kindern und Eltern die bestm\u00f6gliche Unterst\u00fctzung zu sein.\u00a0Um vorhandenes Wissen zu vertiefen und neue Ideen zu entwickeln, habe ich im November 2010 eine heilp\u00e4dagogische Zusatzqualifikation abgeschlossen.<\/p>\n<p>Fortbildungen zu den Themen Wahrnehmung, Kommunikation, Teamarbeit und Elternarbeit haben mich in all der Zeit immer wieder begleitet. Um mich beruflich wie auch pers\u00f6nlich weiter zu entwickeln, begann ich mich in meiner Freizeit intensiv mit psychologischen Grundlagen, den verschiedensten therapeutischen Ans\u00e4tzen,\u00a0Intimit\u00e4t und experimenteller Sexualit\u00e4t auseinander zu setzten. Daraus entwickelte sich der Wunsch als Therapeutin zu arbeiten.<\/p>\n<p>Ganzheitlichkeit ist mir im Hinblick auf meine Arbeit und mein Leben eine absolute Grundlage. Ich habe im Laufe der letzten Jahre den positiven Einfluss spiritueller Ans\u00e4tze und den Lehren der Quantenphysik kennengelernt. Techniken wie Meditation, Affirmationen, Achtsamkeit und K\u00f6rperarbeit durch Yoga wurden f\u00fcr mich zu wichtigen Pfeilern in meinem Alltag und helfen mir dabei mit mir selbst im Einklang zu sein und fokussiert meine Ziele zu verfolgen.<\/p>\n<p>Mit diesem Hintergr\u00fcnden und Erfahrungen aus meiner Berufst\u00e4tigkeit habe ich Anfang\u00a02013 damit begonnen, nebenberuflich eine Beratungst\u00e4tigkeit aufzubauen. Themenschwerpunkte bei der Begleitung von Klienten\/innen sind pers\u00f6nliche Entwicklung, Sexualit\u00e4t und zwischenmenschliche Beziehungen.<\/p>\n<p>Im Dezember 2014 habe ich eine Ausbildung zum <a href=\"https:\/\/www.reconnection-verband.eu\">Reconnective Healing\u00ae<\/a> Practitioner erfolgreich abgeschlossen.\u00a0Im selben Jahr war ich das erste Mal im beruflich im Stuttgarter Raum aktiv und habe mich anschlie\u00dfend nach und nach ins Schw\u00e4benl\u00e4ndle verliebt &#8211; wohin ich im Sommer 2016 begonnen habe umzusiedeln, um im Fr\u00fchjahr 2017 meinen Lebensstandort hier her zu verlegen.<\/p>\n<p>Des Weiteren bin ich seit 2015 Heilpraktikerin f\u00fcr Psychotherapie\u00a0und habe mich im selben Jahr intensiv in Wochenendkursen Gespr\u00e4chsf\u00fchrung nach Carl Rogers besch\u00e4ftigt.<\/p>\n<p>Von 2015 bis 2018 habe ich drei Jahre der Ausbildung zur Gestalttherapeutin am <a href=\"https:\/\/www.higw.de\">HIGW<\/a> in Hamburg-Harburg durchlaufen.<\/p>\n<p>Last but not least war ich von Oktober 2015 Teilnehmerin in der ersten Ausbildungsgruppe der <a href=\"https:\/\/www.paradiesprojekt.com\">Hom\u00f6opathischen\u00a0Herzarbeit\u00a9<\/a> bei Michael Hartenfels in Frankfurt am Main, die ich im November 2018 erfolgreich abgeschlossen haben. Fortlaufend befinde ich mich bis heute in verschiedenen Supervisionskursen bei Michael und besuche seine Kurse zu meiner beruflichen Weiterbildung.<\/p>\n<p>Aktuell, von Oktober 2019 bis September 2021 habe ich mit absoluter Begeisterung die Basis-Weiterbildung zum Sexocorporal des <a href=\"https:\/\/www.ziss.ch\">Ziss<\/a> in Z\u00fcrich besucht. Dabei handelt es sich um einer Ausbildung einer k\u00f6rperlich orientierten Sexualtherapie.<\/p>\n<p>Neben der Psyche des Menschen interessiert mich das \u00a0#Sexualit\u00e4t interessiert schon mehrere Jahrzehnte. \u201eAlle machen es\u201c aber niemand spricht dar\u00fcber. F\u00fcr mich \u201emit meinem ausgepr\u00e4gten Entdeckertum\u201c war recht fr\u00fch klar, dass ich versuchen m\u00f6chte dar\u00fcber \u201ealles was m\u00f6glich ist\u201c heraus finden. Bevor und auch w\u00e4hrend ich den therapeutischen Weg einschlug, habe ich unter meinen K\u00fcnstlernamen <a href=\"https:\/\/daria-onier.de\">\u201eDaria Onier\u201c<\/a> viele Jahre im beruflichen Kontext auch praktisch mit Sexualit\u00e4t gearbeitet und geforscht. Ich habe mit BDSM, das heisst mit \u201eerotischer Dominanz\u201c Erfahrungen gesammelt, sowie Sexualassistenz f\u00fcr Menschen mit Behinderungen und\/oder psychischen Beeintr\u00e4chtigungen und auch erotisch, tantrische Massagen angeboten.<\/p>\n<p>Mittlerweile biete ich keinerlei sexuelle Dienstleistungen mehr an. Da das Thema Sexarbeit in Baden-W\u00fcrttemberg auch im letzten Jahrzehnt noch immer so ein Tabu und auch das Stigma so stark ausgepr\u00e4gt ist, habe ich es vor einigen Jahren f\u00fcr sehr wichtig erachtet hier aktivistisch und aufkl\u00e4rend t\u00e4tig zu werden.<\/p>\n\n<div class=\"wp-block-image\">\n<figure class=\"alignright size-large is-resized\"><a href=\"https:\/\/tanja-hoyer.de\/wp-content\/uploads\/2018\/05\/Tanna-1-2.jpg\"><img loading=\"lazy\" decoding=\"async\" width=\"682\" height=\"1024\" src=\"https:\/\/tanja-hoyer.de\/wp-content\/uploads\/2018\/05\/Tanna-1-2-682x1024.jpg\" alt=\"\" class=\"wp-image-524\" style=\"width:168px;height:251px\" srcset=\"https:\/\/tanja-hoyer.de\/wp-content\/uploads\/2018\/05\/Tanna-1-2-682x1024.jpg 682w, https:\/\/tanja-hoyer.de\/wp-content\/uploads\/2018\/05\/Tanna-1-2-200x300.jpg 200w, https:\/\/tanja-hoyer.de\/wp-content\/uploads\/2018\/05\/Tanna-1-2-768x1152.jpg 768w, https:\/\/tanja-hoyer.de\/wp-content\/uploads\/2018\/05\/Tanna-1-2.jpg 853w\" sizes=\"auto, (max-width: 682px) 100vw, 682px\" \/><\/a><\/figure>\n<\/div>","protected":false},"excerpt":{"rendered":"<p>1977 erblickte ich in Niedersachsen das Licht der Welt und verbrachte meine Kindheit und Jugend auf dem Lande. Nach meinem Realschulabschlu\u00df und der h\u00f6heren Handelsschule entdeckte ich auf der Sozialpflegeschule den sozialen Bereich f\u00fcr mich und wurde im Jahre 2000 staatlich anerkannte und examinierte Erzieherin. Mein Weg f\u00fchrte mich zuerst&#8230;<\/p>\n","protected":false},"author":2,"featured_media":0,"parent":0,"menu_order":0,"comment_status":"closed","ping_status":"closed","template":"","meta":{"footnotes":""},"class_list":["post-19","page","type-page","status-publish","hentry"],"_links":{"self":[{"href":"https:\/\/tanja-hoyer.de\/index.php?rest_route=\/wp\/v2\/pages\/19","targetHints":{"allow":["GET"]}}],"collection":[{"href":"https:\/\/tanja-hoyer.de\/index.php?rest_route=\/wp\/v2\/pages"}],"about":[{"href":"https:\/\/tanja-hoyer.de\/index.php?rest_route=\/wp\/v2\/types\/page"}],"author":[{"embeddable":true,"href":"https:\/\/tanja-hoyer.de\/index.php?rest_route=\/wp\/v2\/users\/2"}],"replies":[{"embeddable":true,"href":"https:\/\/tanja-hoyer.de\/index.php?rest_route=%2Fwp%2Fv2%2Fcomments&post=19"}],"version-history":[{"count":10,"href":"https:\/\/tanja-hoyer.de\/index.php?rest_route=\/wp\/v2\/pages\/19\/revisions"}],"predecessor-version":[{"id":1639,"href":"https:\/\/tanja-hoyer.de\/index.php?rest_route=\/wp\/v2\/pages\/19\/revisions\/1639"}],"wp:attachment":[{"href":"https:\/\/tanja-hoyer.de\/index.php?rest_route=%2Fwp%2Fv2%2Fmedia&parent=19"}],"curies":[{"name":"wp","href":"https:\/\/api.w.org\/{rel}","templated":true}]}}