{"id":362,"date":"2017-11-23T16:43:30","date_gmt":"2017-11-23T14:43:30","guid":{"rendered":"https:\/\/tanja-hoyer.de\/?page_id=362"},"modified":"2023-03-14T16:05:00","modified_gmt":"2023-03-14T15:05:00","slug":"gestaltberatung","status":"publish","type":"page","link":"https:\/\/tanja-hoyer.de\/?page_id=362","title":{"rendered":"Die Gestalt"},"content":{"rendered":"<div class=\"wp-block-image\">\n<figure class=\"alignright is-resized\"><img loading=\"lazy\" decoding=\"async\" src=\"https:\/\/tanja-hoyer.de\/wp-content\/uploads\/2018\/01\/IMG_1548-e1515247919464.jpg\" alt=\"\" class=\"wp-image-413\" width=\"278\" height=\"370\" srcset=\"https:\/\/tanja-hoyer.de\/wp-content\/uploads\/2018\/01\/IMG_1548-e1515247919464.jpg 480w, https:\/\/tanja-hoyer.de\/wp-content\/uploads\/2018\/01\/IMG_1548-e1515247919464-225x300.jpg 225w\" sizes=\"auto, (max-width: 278px) 100vw, 278px\" \/><\/figure>\n<\/div>\n\n<p><span style=\"color: #808080;\">Was ist Gestalttherapie? \u00a0<\/span><\/p>\n<p><span style=\"color: #808080;\">Mit fast derselben Frage beginnt ein Kapitel des letzten Buches von Fritz Perls, einem der Begr\u00fcnder dieses psychotherapeutischen Verfahrens, und seine ersten S\u00e4tze sind:<\/span><\/p>\n<p><span style=\"color: #808080;\"><em>Die Idee der Gestalttherapie ist es, aus Papiermenschen wirkliche Menschen zu machen. Ich wei\u00df, ich nehme den Mund ziemlich voll. Es ist die Idee, den ganzen Menschen unserer Zeit zum Leben zu erwecken und ihn zu lehren, wie er seine inneren Kr\u00e4fte nutzen kann, um ein F\u00fchrer zu sein, ohne ein Rebell zu werden, eine Mitte zu haben und nicht Hals \u00fcber Kopf zu leben.<\/em><\/span><\/p>\n<p><span style=\"color: #808080;\">Die Gestalttherapie ist ein anerkanntes psychotherapeutisches Verfahren aus der humanistischen Psychologie. Sie wurde in den 40er Jahren von den Psychoanalytikern Fritz und Laura Perls in ihrem s\u00fcdafrikanischen Exil und sp\u00e4ter in ihrer amerikanischen Wahlheimat zusammen mit Soziologen Paul Goodman als ein alternativer ressourcen- und l\u00f6sungsorientierter Ansatz entwickelt &#8211; und hat sich seit den 70er Jahren auch in Europa etabliert.<\/span><\/p>\n<p><span style=\"color: #808080;\">Die Gestalttherapie basiert auf einem ganzheitlichen Welt- und Menschenbild.<\/span><\/p>\n<p><span style=\"color: #808080;\">Als ich vor einigen Jahres die Gestalttherapie kennengelernt habe, war ich sehr \u00fcberrascht. F\u00fcr mich pers\u00f6nlich ist die Gestalt ein ganzheitlicher Perspektiv-Wechsel, der es einem Menschen erm\u00f6glich die Dinge von einer neuen Seite zu betrachten. Ein grundlegender Eckpfeiler ist dabei die Arbeit im &#8222;Hier und Jetzt&#8220;.\u00a0Wahrnehmung kann nur in der Gegenwart stattfinden.<\/span><\/p>\n<p><span style=\"color: #808080;\">Ich kann mich zwar intensiv mit meiner Vergangenheit besch\u00e4ftigen, was aber erst einmal nichts daran ver\u00e4ndert. Selbst wenn ich eine Situation aus fr\u00fcheren Zeiten aufs lebendigste wiedererlebe, findet das Geschehen im &#8222;Hier und Jetzt&#8220; statt und kann sich mit dem bewussten wahrnehmen dem Wechsel der Perspektive ver\u00e4ndern.<\/span><\/p>\n<p><span style=\"color: #808080;\">Die Gestalttherapie geht davon aus, dass sich alles was f\u00fcr den Kontakt zu uns und unseren Mitmenschen, sowie seine Qualit\u00e4t bedeutsam ist, in der gegenw\u00e4rtigen Situation oder Begegnung zeigt und zwar in &#8222;kontaktf\u00f6rdernder&#8220; wie in &#8222;hemmender&#8220; Hinsicht.<\/span><\/p>\n<p><span style=\"color: #808080;\">Dabei wird dem Beachtung geschenkt und nachgesp\u00fcrt, was zwar offenbar und offensichtlich ist, aber der bewu\u00dften Aufmerksamkeit im Alltag oft entgeht. In diesen Prozess wird alles einbezogen, was wahrnehmbar ist und ausgedr\u00fcckt werden kann: Gedanken, Tr\u00e4ume, Phantasien, Emotionen, Tonfall und Ausdrucksweise der Sprache, Bewegung, Mimik und Gestik, Atmung und K\u00f6rperhaltung.<\/span><\/p>\n<p><span style=\"color: #808080;\">In meinen Augen nutzt die Gestalt den Facettenreichtum von verschiedensten Methoden. Die Vielseitigkeit, die im Prozess einbezogen wird, zeigt sich auch in der Vielfalt der Methodik, z.B. malen, Rollenspiel, K\u00f6rperarbeit, Bewegung, Arbeit mit Bildern, das Gespr\u00e4ch, Arbeit mit Ton, das Spiel und vieles mehr.<\/span><\/p>\n<p><span style=\"color: #808080;\"><em>\u201eGestalt ist keine Technik, kein therapeutisches Schnellverfahren, sondern ein ernsthafter Weg sich selbst zu finden und zu wachsen. Wachstum ist aber ein Prozess, der Zeit braucht.&#8220; Fritz Perls<\/em><\/span><\/p>\n<p><span style=\"color: #808080;\">In meiner Praxis a<span style=\"caret-color: #808080;\">rbeite\u00a0<\/span>ich hier und da mit Methoden und Techniken die ich in den drei\u00a0<span style=\"caret-color: #808080;\">Jahren<\/span>\u00a0Weiterbildung am <a style=\"color: #808080;\" href=\"https:\/\/www.higw.de\">HIGW<\/a> in Hamburg gelernt habe. Es gibt viele tolle \u00dcbungen um Unbewusstes erfahrbar zu machen oder einen Perspektivwechsel erm\u00f6glichen. Dennoch bin ich keine Gestalttherapeutin, mein berufliches &#8222;Herz&#8220; schl\u00e4gt f\u00fcr Sexualtherapie und \u00a9Herzarbeit. \u00a0<\/span><\/p>\n<p>\u00a0<\/p>","protected":false},"excerpt":{"rendered":"<p>Was ist Gestalttherapie? \u00a0 Mit fast derselben Frage beginnt ein Kapitel des letzten Buches von Fritz Perls, einem der Begr\u00fcnder dieses psychotherapeutischen Verfahrens, und seine ersten S\u00e4tze sind: Die Idee der Gestalttherapie ist es, aus Papiermenschen wirkliche Menschen zu machen. Ich wei\u00df, ich nehme den Mund ziemlich voll. Es ist&#8230;<\/p>\n","protected":false},"author":2,"featured_media":0,"parent":0,"menu_order":0,"comment_status":"closed","ping_status":"closed","template":"","meta":{"footnotes":""},"class_list":["post-362","page","type-page","status-publish","hentry"],"_links":{"self":[{"href":"https:\/\/tanja-hoyer.de\/index.php?rest_route=\/wp\/v2\/pages\/362","targetHints":{"allow":["GET"]}}],"collection":[{"href":"https:\/\/tanja-hoyer.de\/index.php?rest_route=\/wp\/v2\/pages"}],"about":[{"href":"https:\/\/tanja-hoyer.de\/index.php?rest_route=\/wp\/v2\/types\/page"}],"author":[{"embeddable":true,"href":"https:\/\/tanja-hoyer.de\/index.php?rest_route=\/wp\/v2\/users\/2"}],"replies":[{"embeddable":true,"href":"https:\/\/tanja-hoyer.de\/index.php?rest_route=%2Fwp%2Fv2%2Fcomments&post=362"}],"version-history":[{"count":10,"href":"https:\/\/tanja-hoyer.de\/index.php?rest_route=\/wp\/v2\/pages\/362\/revisions"}],"predecessor-version":[{"id":1214,"href":"https:\/\/tanja-hoyer.de\/index.php?rest_route=\/wp\/v2\/pages\/362\/revisions\/1214"}],"wp:attachment":[{"href":"https:\/\/tanja-hoyer.de\/index.php?rest_route=%2Fwp%2Fv2%2Fmedia&parent=362"}],"curies":[{"name":"wp","href":"https:\/\/api.w.org\/{rel}","templated":true}]}}