{"id":43,"date":"2015-04-15T17:05:19","date_gmt":"2015-04-15T15:05:19","guid":{"rendered":"https:\/\/tanja-hoyer.de\/?page_id=43"},"modified":"2026-04-09T13:15:28","modified_gmt":"2026-04-09T11:15:28","slug":"gespraeche-nach-rogers","status":"publish","type":"page","link":"https:\/\/tanja-hoyer.de\/?page_id=43","title":{"rendered":"Einzelsitzungen"},"content":{"rendered":"<div class=\"wp-block-image\">\n<figure class=\"alignright is-resized\"><img loading=\"lazy\" decoding=\"async\" width=\"768\" height=\"1024\" src=\"https:\/\/tanja-hoyer.de\/wp-content\/uploads\/2016\/09\/IMG_0917-768x1024.jpg\" alt=\"\" class=\"wp-image-298\" style=\"width:231px;height:308px\" srcset=\"https:\/\/tanja-hoyer.de\/wp-content\/uploads\/2016\/09\/IMG_0917-768x1024.jpg 768w, https:\/\/tanja-hoyer.de\/wp-content\/uploads\/2016\/09\/IMG_0917-225x300.jpg 225w\" sizes=\"auto, (max-width: 768px) 100vw, 768px\" \/><\/figure>\n<\/div>\n\n<p><span style=\"color: #808080;\">Kommen Sie gerne mit Ihren Anliegen zu einem Einzelgespr\u00e4ch in meine Praxis. Die <a href=\"https:\/\/tanja-hoyer.de\/?page_id=362\">Gestaltherapie<\/a>, die <a href=\"https:\/\/tanja-hoyer.de\/?page_id=575\">Herzarbeit<\/a>\u00a9 und Carl Rogers pr\u00e4gen meine Arbeit, <\/span><\/p>\n<p><span style=\"color: #808080;\">Carl Rogers habe ich bereits in meiner Ausbildung zur Erzieherin vor inzwischen \u00fcber 15 Jahren kennen gelernt. Schon damals haben mich seine Ans\u00e4tze begeistert. F\u00fcr mich sind die Grunds\u00e4tze Rogers elementar. <strong>Es ist und war mir immer wichtig einem Menschen im &#8222;hier und jetzt&#8220; zu begegnen und dabei &#8222;wertfrei&#8220; zu bleiben.<\/strong><\/span><\/p>\n<p><span style=\"color: #ff00ff;\"><em>&#8222;Ganz gleich mit was Sie zu mir kommen, welches Problem sie besch\u00e4ftigt, welche Tics Sie haben, welches Leiden Sie einschr\u00e4nkt, welche Behinderungen Sie haben, oder welcher Fetisch Sie besch\u00e4ftigt &#8211; wirklich ganz gleich &#8211; Sie sind mir willkommen und gut so wie Sie sind! Sie werden sich schwer damit tun herauszufinden, wor\u00fcber Sie mit mir nicht sprechen k\u00f6nnen.\u201c<\/em><\/span><\/p>\n<hr \/>\n<p><span style=\"color: #808080;\">Carl Rogers war der Begr\u00fcnder der Personenzentrierten Gespr\u00e4chspsychothe\u00adrapie<\/span><\/p>\n<p><span style=\"color: #808080;\"><strong>Die drei elementaren Grundhaltungen,<\/strong> nach Rogers, die eine gelungene Gespr\u00e4chsatmosph\u00e4re erm\u00f6glichen, sind folgende:<\/span><\/p>\n<p><strong><span style=\"color: #808080;\">Kongruenz:<\/span><\/strong><br \/><span style=\"color: #808080;\"> Echtheit, Unverf\u00e4lschtheit und Tran\u00adsparenz seitens des Therapeuten.<\/span><\/p>\n<p><strong><span style=\"color: #808080;\">Empathie:<\/span><\/strong><br \/><span style=\"color: #808080;\"> Unter Empathie versteht man das einf\u00fchlende Verstehen, das nichtwertende Einge\u00adhen, also das echte Verst\u00e4ndnis einer Person.<\/span><\/p>\n<p><strong><span style=\"color: #808080;\">Bedingungslose Akzeptanz:<\/span><\/strong><br \/><span style=\"color: #808080;\"> Carl Rogers beschreibt diese Grundhaltung als \u201e<em>das Akzeptieren, die Anteilnahme oder Wertsch\u00e4tzung\u201c<\/em> des Therapeuten gegen\u00fcber den Gef\u00fchlen und \u00c4u\u00dferungen seines Klienten.<\/span><\/p>\n<p><span style=\"color: #808080;\"><em>(Aus Rogers &#8222;Der neue Mensch 1981\u201c)<\/em><\/span><\/p>\n<p><span style=\"color: #808080;\">&#8230;\u201enach meiner Erfahrung geschieht Au\u00dferordentliches, wenn ein von Glaubw\u00fcrdigkeit, Achtung und Verstehen gepr\u00e4gtes Klima geschaffen wird. In einem solchen Klima wird Starrheit zur Beweglichkeit, statistisches Beharren zu Entwicklung und Abh\u00e4ngigkeit zur Autonomie, Vorhersagbarkeit zu spontaner Kreativit\u00e4t, Abwehrhaltung zur Selbstverwirklichung&#8220;&#8230;<\/span><\/p>\n<p><span style=\"color: #808080;\"><em>(Aus Rogers und Rosenbergs \u201eDie Person als Mittelpunkt der Wirklichkeit 1980\u201c)<\/em><\/span><\/p>","protected":false},"excerpt":{"rendered":"<p>Kommen Sie gerne mit Ihren Anliegen zu einem Einzelgespr\u00e4ch in meine Praxis. Die Gestaltherapie, die Herzarbeit\u00a9 und Carl Rogers pr\u00e4gen meine Arbeit, Carl Rogers habe ich bereits in meiner Ausbildung zur Erzieherin vor inzwischen \u00fcber 15 Jahren kennen gelernt. Schon damals haben mich seine Ans\u00e4tze begeistert. F\u00fcr mich sind die&#8230;<\/p>\n","protected":false},"author":2,"featured_media":0,"parent":0,"menu_order":0,"comment_status":"closed","ping_status":"closed","template":"","meta":{"footnotes":""},"class_list":["post-43","page","type-page","status-publish","hentry"],"_links":{"self":[{"href":"https:\/\/tanja-hoyer.de\/index.php?rest_route=\/wp\/v2\/pages\/43","targetHints":{"allow":["GET"]}}],"collection":[{"href":"https:\/\/tanja-hoyer.de\/index.php?rest_route=\/wp\/v2\/pages"}],"about":[{"href":"https:\/\/tanja-hoyer.de\/index.php?rest_route=\/wp\/v2\/types\/page"}],"author":[{"embeddable":true,"href":"https:\/\/tanja-hoyer.de\/index.php?rest_route=\/wp\/v2\/users\/2"}],"replies":[{"embeddable":true,"href":"https:\/\/tanja-hoyer.de\/index.php?rest_route=%2Fwp%2Fv2%2Fcomments&post=43"}],"version-history":[{"count":10,"href":"https:\/\/tanja-hoyer.de\/index.php?rest_route=\/wp\/v2\/pages\/43\/revisions"}],"predecessor-version":[{"id":1434,"href":"https:\/\/tanja-hoyer.de\/index.php?rest_route=\/wp\/v2\/pages\/43\/revisions\/1434"}],"wp:attachment":[{"href":"https:\/\/tanja-hoyer.de\/index.php?rest_route=%2Fwp%2Fv2%2Fmedia&parent=43"}],"curies":[{"name":"wp","href":"https:\/\/api.w.org\/{rel}","templated":true}]}}