{"id":48,"date":"2015-04-15T17:05:31","date_gmt":"2015-04-15T15:05:31","guid":{"rendered":"https:\/\/tanja-hoyer.de\/?page_id=48"},"modified":"2026-04-09T13:22:34","modified_gmt":"2026-04-09T11:22:34","slug":"honorar","status":"publish","type":"page","link":"https:\/\/tanja-hoyer.de\/?page_id=48","title":{"rendered":"Honorar"},"content":{"rendered":"\n<p><span style=\"color: #808080;\">Therapeutische Unterst\u00fctzung und Beratung f\u00fcr alle Lebenslagen und das Achtsamkeitstraining:<\/span><\/p>\n\n\n\n<p><span style=\"color: #808080;\">Einheit ca. 50\/60 Minuten 90\/100,00 \u20ac<\/span><\/p>\n\n\n\n<p><span style=\"color: #808080;\">Paar Gespr\u00e4che:<\/span><\/p>\n\n\n\n<p><span style=\"color: #808080;\">Einheit ca. 90\/100 Minuten 150,00 \u20ac<\/span><\/p>\n\n\n\n<p><span style=\"color: #808080;\">Damit Sie und Ihr Partner ausreichend Zeit haben, jeder sich geh\u00f6rt f\u00fchlt und in den Sitzungen kein Stress entsteht, umfasst eine Paar-Sitzung grunds\u00e4tzlich einen h\u00f6heren Zeitaufwand.<\/span><\/p>\n\n\n\n<hr class=\"wp-block-separator has-alpha-channel-opacity\"\/>\n\n\n\n<p><span style=\"color: #808080;\">Eine Reconnective Healing\u00ae Sitzung:<\/span><\/p>\n\n\n\n<p><span style=\"color: #808080;\">Ein Sitzung f\u00fcr Erwachsene und Kinder umfasst ca. 30-45 Minuten, dazu kommt ein Vorgespr\u00e4ch, anschlie\u00dfend wird das Erlebte ausgetauscht, planen Sie f\u00fcr alles in etwa eine Stunde ein \u2013 Kosten 80,00 \u20ac<\/span><\/p>\n\n\n\n<p><span style=\"color: #808080;\">Bitte tragen sie f\u00fcr die Reconnective Healing\u00ae Sitzungen bequeme Kleidung und wenn m\u00f6glich kein Parf\u00fcm. Duftstoffe k\u00f6nnen Ihre Wahrnehmung innerhalb der Sitzung beeinflussen.<\/span><\/p>\n\n\n\n<hr class=\"wp-block-separator has-alpha-channel-opacity\"\/>\n\n\n\n<p><span style=\"color: #808080;\">Sozialtarife:<\/span><\/p>\n\n\n\n<p><span style=\"color: #808080;\">Sie befinden sich gerade in einer finanziell schwierigen Lage? Nat\u00fcrlich gibt es bei der Gestaltung des&nbsp;Honorars die M\u00f6glichkeit f\u00fcr ein Entgegenkommen &#8211; sprechen Sie mich gerne an.<\/span><\/p>\n\n\n\n<hr class=\"wp-block-separator has-alpha-channel-opacity\"\/>\n\n\n\n<p><span style=\"color: #808080;\">Verbindlichkeit: <\/span><\/p>\n\n\n\n<p><span style=\"color: #808080;\">Stimmen Sie m\u00fcndlich oder schriftlich einen Termin mit mir ab, gibt dieser rechtsbindend und verbindlich. <\/span><\/p>\n\n\n\n<hr class=\"wp-block-separator has-alpha-channel-opacity\"\/>\n\n\n\n<p><span style=\"color: #808080;\">Vortr\u00e4ge und Moderation:<\/span> <\/p>\n\n\n\n<p><span style=\"color: #808080;\">Ein Tagessatz liegt, je nach Institution und Ihrem individuellen Auftrag, zwischen 800,00 \u20ac und 1200,00 \u20ac&nbsp;<\/span><\/p>\n\n\n\n<p><span style=\"color: #808080;\">Der halbe Tagessatz liegt dann entsprechen der Institution und Ihrem individuellen Auftrag, zwischen 400,00 \u20ac und 800,00 \u20ac&nbsp;<\/span><\/p>\n\n\n<div class=\"wp-block-image\">\n<figure class=\"aligncenter size-large is-resized\"><a href=\"https:\/\/tanja-hoyer.de\/wp-content\/uploads\/2025\/05\/Unknown-4-scaled.jpeg\"><img loading=\"lazy\" decoding=\"async\" width=\"805\" height=\"1024\" src=\"https:\/\/tanja-hoyer.de\/wp-content\/uploads\/2025\/05\/Unknown-4-805x1024.jpeg\" alt=\"\" class=\"wp-image-1641\" style=\"width:252px;height:auto\" srcset=\"https:\/\/tanja-hoyer.de\/wp-content\/uploads\/2025\/05\/Unknown-4-805x1024.jpeg 805w, https:\/\/tanja-hoyer.de\/wp-content\/uploads\/2025\/05\/Unknown-4-236x300.jpeg 236w, https:\/\/tanja-hoyer.de\/wp-content\/uploads\/2025\/05\/Unknown-4-768x977.jpeg 768w, https:\/\/tanja-hoyer.de\/wp-content\/uploads\/2025\/05\/Unknown-4-1207x1536.jpeg 1207w, https:\/\/tanja-hoyer.de\/wp-content\/uploads\/2025\/05\/Unknown-4-1610x2048.jpeg 1610w, https:\/\/tanja-hoyer.de\/wp-content\/uploads\/2025\/05\/Unknown-4-scaled.jpeg 2012w\" sizes=\"auto, (max-width: 805px) 100vw, 805px\" \/><\/a><\/figure>\n<\/div>","protected":false},"excerpt":{"rendered":"<p>Therapeutische Unterst\u00fctzung und Beratung f\u00fcr alle Lebenslagen und das Achtsamkeitstraining: Einheit ca. 50\/60 Minuten 90\/100,00 \u20ac Paar Gespr\u00e4che: Einheit ca. 90\/100 Minuten 150,00 \u20ac Damit Sie und Ihr Partner ausreichend Zeit haben, jeder sich geh\u00f6rt f\u00fchlt und in den Sitzungen kein Stress entsteht, umfasst eine Paar-Sitzung grunds\u00e4tzlich einen h\u00f6heren Zeitaufwand&#8230;.<\/p>\n","protected":false},"author":2,"featured_media":0,"parent":0,"menu_order":0,"comment_status":"closed","ping_status":"closed","template":"","meta":{"footnotes":""},"class_list":["post-48","page","type-page","status-publish","hentry"],"_links":{"self":[{"href":"https:\/\/tanja-hoyer.de\/index.php?rest_route=\/wp\/v2\/pages\/48","targetHints":{"allow":["GET"]}}],"collection":[{"href":"https:\/\/tanja-hoyer.de\/index.php?rest_route=\/wp\/v2\/pages"}],"about":[{"href":"https:\/\/tanja-hoyer.de\/index.php?rest_route=\/wp\/v2\/types\/page"}],"author":[{"embeddable":true,"href":"https:\/\/tanja-hoyer.de\/index.php?rest_route=\/wp\/v2\/users\/2"}],"replies":[{"embeddable":true,"href":"https:\/\/tanja-hoyer.de\/index.php?rest_route=%2Fwp%2Fv2%2Fcomments&post=48"}],"version-history":[{"count":9,"href":"https:\/\/tanja-hoyer.de\/index.php?rest_route=\/wp\/v2\/pages\/48\/revisions"}],"predecessor-version":[{"id":1814,"href":"https:\/\/tanja-hoyer.de\/index.php?rest_route=\/wp\/v2\/pages\/48\/revisions\/1814"}],"wp:attachment":[{"href":"https:\/\/tanja-hoyer.de\/index.php?rest_route=%2Fwp%2Fv2%2Fmedia&parent=48"}],"curies":[{"name":"wp","href":"https:\/\/api.w.org\/{rel}","templated":true}]}}