{"id":481,"date":"2018-03-19T22:33:28","date_gmt":"2018-03-19T20:33:28","guid":{"rendered":"https:\/\/tanja-hoyer.de\/?page_id=481"},"modified":"2025-05-08T14:15:17","modified_gmt":"2025-05-08T12:15:17","slug":"paarberatung","status":"publish","type":"page","link":"https:\/\/tanja-hoyer.de\/?page_id=481","title":{"rendered":"Paarberatung"},"content":{"rendered":"<p><span style=\"color: #808080;\"><em><strong>Nat\u00fcrlich k\u00f6nnen Sie mich auch sehr gerne als Paar aufsuchen. Eine Beziehung\u00a0ist ein sehr kostbares Gut und ich m\u00f6chte Sie gerne dabei unterst\u00fctzen\u00a0dieses Gut zu pflegen.<\/strong><\/em><\/span><\/p>\n<p><span style=\"color: #808080;\"><em><strong>Ben\u00f6tigen Sie vielleicht professionelle Unterst\u00fctzung um mit Ihrer\/em PartnerIn \u00fcber ein spezielles Thema ins Gespr\u00e4ch zu kommen oder um etwas miteinander zu ver\u00e4ndern wie z.B.<\/strong><\/em><\/span><\/p>\n<ul>\n<li><span style=\"color: #808080;\"><em><strong>Themen rund um Ihre Sexualit\u00e4t<\/strong><\/em><\/span><\/li>\n<li><span style=\"color: #808080;\"><em><strong>Themen rund um Ihre Beziehung<\/strong><\/em><\/span><\/li>\n<li><span style=\"color: #808080;\"><em><strong>&#8230;eine Trennung, wie geht es weiter?<\/strong><\/em><\/span><\/li>\n<li><span style=\"color: #808080;\"><em><strong>etc.<\/strong><\/em><\/span><\/li>\n<\/ul>\n<p><span style=\"color: #808080;\"><em><strong>Oder haben Sie Auseinandersetzungen in Ihrer Partnerschaft, z.B.<\/strong><\/em><\/span><\/p>\n<ul>\n<li><span style=\"color: #808080;\"><em><strong>Sind in Ihrer Partnerschaft Ver\u00e4nderungen aufgetreten?<\/strong><\/em><\/span><\/li>\n<li><span style=\"color: #808080;\"><em><strong>Sind Sie einander fremd geworden?<\/strong><\/em><\/span><\/li>\n<li><span style=\"color: #808080;\"><em><strong>F\u00fchlen sich nicht mehr wohl miteinander?<\/strong><\/em><\/span><\/li>\n<li><span style=\"color: #808080;\"><em><strong>Spielen Sie mit Trennungsgedanken?<\/strong><\/em><\/span><\/li>\n<li><span style=\"color: #808080;\"><em><strong>Haben Sie Probleme miteinander zu reden und schreien sich nur noch an?<\/strong><\/em><\/span><\/li>\n<li><span style=\"color: #808080;\"><em><strong>Oder die Liste der Dinge die Kl\u00e4rung bed\u00fcrfen ist lang und Sie wissen so manches Mal nicht mehr wo Ihnen der Kopf steht?<\/strong><\/em><\/span><\/li>\n<\/ul>\n<p><span style=\"color: #808080;\"><em><strong>Eine Paarberatung kann Ihnen helfen, diese Dinge zu kl\u00e4ren, wieder Verst\u00e4ndnis f\u00fcreinander\u00a0und\u00a0mehr N\u00e4he\u00a0zu entwickeln.\u00a0Sie und Ihr\/e PartnerIn erhalten hier Zeit und Raum eine neue Basis miteinander zu finden.<\/strong><\/em><\/span><\/p>\n<p><span style=\"color: #808080;\"><em><strong>Manchmal wird eben eine\u00a0Hilfe von au\u00dfen gebraucht, um wieder miteinander ins Gespr\u00e4ch zu kommen und mit Unterst\u00fctzung aus eingefahrenen Verhaltens-, und Kommunikationsmustern auszusteigen um wieder in Kontakt zu kommen.<\/strong><\/em><\/span><\/p>\n<p><span style=\"color: #808080;\"><em><strong>Ich freue mich Sie kennen zu lernen.<\/strong><\/em><\/span><\/p>\n<p><a href=\"https:\/\/tanja-hoyer.de\/wp-content\/uploads\/2020\/03\/69F34760-A418-40C8-9CAF-16A7315310DB-scaled.jpg\"><img loading=\"lazy\" decoding=\"async\" class=\"alignnone size-medium wp-image-1619\" src=\"https:\/\/tanja-hoyer.de\/wp-content\/uploads\/2020\/03\/69F34760-A418-40C8-9CAF-16A7315310DB-240x300.jpg\" alt=\"\" width=\"240\" height=\"300\" srcset=\"https:\/\/tanja-hoyer.de\/wp-content\/uploads\/2020\/03\/69F34760-A418-40C8-9CAF-16A7315310DB-240x300.jpg 240w, https:\/\/tanja-hoyer.de\/wp-content\/uploads\/2020\/03\/69F34760-A418-40C8-9CAF-16A7315310DB-819x1024.jpg 819w, https:\/\/tanja-hoyer.de\/wp-content\/uploads\/2020\/03\/69F34760-A418-40C8-9CAF-16A7315310DB-768x960.jpg 768w, https:\/\/tanja-hoyer.de\/wp-content\/uploads\/2020\/03\/69F34760-A418-40C8-9CAF-16A7315310DB-1229x1536.jpg 1229w, https:\/\/tanja-hoyer.de\/wp-content\/uploads\/2020\/03\/69F34760-A418-40C8-9CAF-16A7315310DB-1638x2048.jpg 1638w, https:\/\/tanja-hoyer.de\/wp-content\/uploads\/2020\/03\/69F34760-A418-40C8-9CAF-16A7315310DB-scaled.jpg 2048w\" sizes=\"auto, (max-width: 240px) 100vw, 240px\" \/><\/a><\/p>\n","protected":false},"excerpt":{"rendered":"<p>Nat\u00fcrlich k\u00f6nnen Sie mich auch sehr gerne als Paar aufsuchen. Eine Beziehung\u00a0ist ein sehr kostbares Gut und ich m\u00f6chte Sie gerne dabei unterst\u00fctzen\u00a0dieses Gut zu pflegen. Ben\u00f6tigen Sie vielleicht professionelle Unterst\u00fctzung um mit Ihrer\/em PartnerIn \u00fcber ein spezielles Thema ins Gespr\u00e4ch zu kommen oder um etwas miteinander zu ver\u00e4ndern wie&#8230;<\/p>\n","protected":false},"author":2,"featured_media":0,"parent":0,"menu_order":0,"comment_status":"closed","ping_status":"closed","template":"","meta":{"footnotes":""},"class_list":["post-481","page","type-page","status-publish","hentry"],"_links":{"self":[{"href":"https:\/\/tanja-hoyer.de\/index.php?rest_route=\/wp\/v2\/pages\/481","targetHints":{"allow":["GET"]}}],"collection":[{"href":"https:\/\/tanja-hoyer.de\/index.php?rest_route=\/wp\/v2\/pages"}],"about":[{"href":"https:\/\/tanja-hoyer.de\/index.php?rest_route=\/wp\/v2\/types\/page"}],"author":[{"embeddable":true,"href":"https:\/\/tanja-hoyer.de\/index.php?rest_route=\/wp\/v2\/users\/2"}],"replies":[{"embeddable":true,"href":"https:\/\/tanja-hoyer.de\/index.php?rest_route=%2Fwp%2Fv2%2Fcomments&post=481"}],"version-history":[{"count":9,"href":"https:\/\/tanja-hoyer.de\/index.php?rest_route=\/wp\/v2\/pages\/481\/revisions"}],"predecessor-version":[{"id":1634,"href":"https:\/\/tanja-hoyer.de\/index.php?rest_route=\/wp\/v2\/pages\/481\/revisions\/1634"}],"wp:attachment":[{"href":"https:\/\/tanja-hoyer.de\/index.php?rest_route=%2Fwp%2Fv2%2Fmedia&parent=481"}],"curies":[{"name":"wp","href":"https:\/\/api.w.org\/{rel}","templated":true}]}}