{"id":743,"date":"2019-11-26T16:46:53","date_gmt":"2019-11-26T15:46:53","guid":{"rendered":"https:\/\/tanja-hoyer.de\/?page_id=743"},"modified":"2021-06-20T16:18:30","modified_gmt":"2021-06-20T14:18:30","slug":"koerperarbeit","status":"publish","type":"page","link":"https:\/\/tanja-hoyer.de\/?page_id=743","title":{"rendered":"K\u00f6rperarbeit"},"content":{"rendered":"\n<p><span style=\"color:#6f7274\" class=\"has-inline-color\"><a href=\"https:\/\/de.wikipedia.org\/wiki\/Wilhelm_Reich\"><strong>Wilhelm Reich<\/strong><\/a> (1897-1957) fand schon relativ fr\u00fch&nbsp;Zusammenh\u00e4nge zwischen psychischen und muskul\u00e4ren Panzerungen, die er <strong>Charakterpanzerung<\/strong> nannte. Er beschrieb k\u00f6rperliche&nbsp;Haltungen, wie z.B. Steifheit, Starre, und psychische Eigenheiten, wie z.B.&nbsp;stereotypes L\u00e4cheln, Ironie, Hochmut. Nach Reich haben sich jahrelang, meist von&nbsp;Kindheit&nbsp;an bestehende, Abwehrvorg\u00e4nge gegen bedrohliche&nbsp;Impulse und&nbsp;Affekte von der&nbsp;affektiven und triebhaften Basis gel\u00f6st und sind zu st\u00e4ndigen Charakterz\u00fcgen geworden.<\/span><\/p>\n\n\n\n<p><span style=\"color:#6e7172\" class=\"has-inline-color\">Da bedeutet einfach ausgedr\u00fcckt, dass <strong>Stress<\/strong>&nbsp;und<strong> Angst Anspannungen<\/strong> im K\u00f6rper verursachen. Dauerhafte Anspannungen f\u00fchren zu muskul\u00e4ren Verspannungen und Verringerung der Leistungsf\u00e4higkeit. Dieser so genannte \u201ePanzer\u201c dient dazu, den Menschen vor schmerzlichen oder bedrohlichen&nbsp;emotionalen&nbsp;Erlebnissen zu sch\u00fctzen. Impulse von innen und Angriffe von au\u00dfen werden somit abgewehrt. <\/span><\/p>\n\n\n\n<p><span style=\"color:#64696a\" class=\"has-inline-color\">Bei genauerer Betrachtung macht es deutlich, dass Erstens im<strong> therapeutischen Prozess <\/strong>auch <strong>k\u00f6rperliche Symptome<\/strong> auftreten k\u00f6nnen und Zweitens die Arbeit mit dem <strong>K\u00f6rper <\/strong>bzw. dem Charakterpanzer Mittelpunkt werden kann. <\/span><\/p>\n\n\n\n<p><span style=\"color:#787b7e\" class=\"has-inline-color\">Dar\u00fcber hinaus k\u00f6nnen auch einzelne <strong>Ber\u00fchrungen <\/strong>und<strong> Massagen<\/strong> sehr wohltuend sein oder dem therapeutischen Prozess unterst\u00fctzen. <\/span><\/p>\n\n\n\n<p><span style=\"color:#6b6f71\" class=\"has-inline-color\">Bitte sprechen Sie mich an. <\/span><\/p>\n\n\n\n<p class=\"has-vivid-purple-color has-text-color\"><\/p>\n","protected":false},"excerpt":{"rendered":"<p>Wilhelm Reich (1897-1957) fand schon relativ fr\u00fch&nbsp;Zusammenh\u00e4nge zwischen psychischen und muskul\u00e4ren Panzerungen, die er Charakterpanzerung nannte. Er beschrieb k\u00f6rperliche&nbsp;Haltungen, wie z.B. Steifheit, Starre, und psychische Eigenheiten, wie z.B.&nbsp;stereotypes L\u00e4cheln, Ironie, Hochmut. Nach Reich haben sich jahrelang, meist von&nbsp;Kindheit&nbsp;an bestehende, Abwehrvorg\u00e4nge gegen bedrohliche&nbsp;Impulse und&nbsp;Affekte von der&nbsp;affektiven und triebhaften Basis gel\u00f6st und&#8230;<\/p>\n","protected":false},"author":2,"featured_media":64,"parent":0,"menu_order":0,"comment_status":"closed","ping_status":"closed","template":"","meta":{"footnotes":""},"class_list":["post-743","page","type-page","status-publish","has-post-thumbnail","hentry"],"_links":{"self":[{"href":"https:\/\/tanja-hoyer.de\/index.php?rest_route=\/wp\/v2\/pages\/743","targetHints":{"allow":["GET"]}}],"collection":[{"href":"https:\/\/tanja-hoyer.de\/index.php?rest_route=\/wp\/v2\/pages"}],"about":[{"href":"https:\/\/tanja-hoyer.de\/index.php?rest_route=\/wp\/v2\/types\/page"}],"author":[{"embeddable":true,"href":"https:\/\/tanja-hoyer.de\/index.php?rest_route=\/wp\/v2\/users\/2"}],"replies":[{"embeddable":true,"href":"https:\/\/tanja-hoyer.de\/index.php?rest_route=%2Fwp%2Fv2%2Fcomments&post=743"}],"version-history":[{"count":4,"href":"https:\/\/tanja-hoyer.de\/index.php?rest_route=\/wp\/v2\/pages\/743\/revisions"}],"predecessor-version":[{"id":1019,"href":"https:\/\/tanja-hoyer.de\/index.php?rest_route=\/wp\/v2\/pages\/743\/revisions\/1019"}],"wp:featuredmedia":[{"embeddable":true,"href":"https:\/\/tanja-hoyer.de\/index.php?rest_route=\/wp\/v2\/media\/64"}],"wp:attachment":[{"href":"https:\/\/tanja-hoyer.de\/index.php?rest_route=%2Fwp%2Fv2%2Fmedia&parent=743"}],"curies":[{"name":"wp","href":"https:\/\/api.w.org\/{rel}","templated":true}]}}