{"id":88,"date":"2015-04-16T10:56:07","date_gmt":"2015-04-16T08:56:07","guid":{"rendered":"https:\/\/tanja-hoyer.de\/?page_id=88"},"modified":"2024-08-12T16:46:15","modified_gmt":"2024-08-12T14:46:15","slug":"links","status":"publish","type":"page","link":"https:\/\/tanja-hoyer.de\/?page_id=88","title":{"rendered":"Links"},"content":{"rendered":"<p>Psychologischer Notdienst:<\/p>\n<p><a href=\"https:\/\/www.stuttgart.de\/psychologische-notdienste\">Stuttgart<\/a><\/p>\n<p><a href=\"https:\/\/www.landkreis-esslingen.de\/,Lde\/start\/service\/SpDi+_+Sozialpsychiatrischer+Dienst.html\">Esslingen<\/a><\/p>\n<p>Unter der folgenden Seite finden Sie einen Freund und Kollegen aus Berlin, den ich ganz besonders f\u00fcr die Arbeit mit &#8218;M\u00e4nnern&#8216; weiter empfehlen w\u00fcrde: John Aigner<\/p>\n<p><a href=\"https:\/\/www.mannsvolk.net\">Mannsvolk<\/a><\/p>\n<p>Monika Behling ist eine Kollegin aus Hamburg<\/p>\n<p><a href=\"https:\/\/www.art-of-allowing.de\">Monika Behling<\/a><\/p>\n<p>KollegInnen in Stuttgart:<\/p>\n<p><a href=\"https:\/\/margitestherruss.de\">Margit Ester Ru\u00df<\/a><\/p>\n<p>Wenn Sie mehr wissen wollen,<\/p>\n<p>\u00fcber Hom\u00f6opathische Herzarbeit:<\/p>\n<p><a href=\"https:\/\/www.paradiesprojekt.com\">Paradiesprojekt<\/a><\/p>\n<p>\u00fcber Reconnective-Healing:<\/p>\n<p><a href=\"https:\/\/www.thereconnection.com\">Reconnective Healing\u00a9<\/a><\/p>\n","protected":false},"excerpt":{"rendered":"<p>Psychologischer Notdienst: Stuttgart Esslingen Unter der folgenden Seite finden Sie einen Freund und Kollegen aus Berlin, den ich ganz besonders f\u00fcr die Arbeit mit &#8218;M\u00e4nnern&#8216; weiter empfehlen w\u00fcrde: John Aigner Mannsvolk Monika Behling ist eine Kollegin aus Hamburg Monika Behling KollegInnen in Stuttgart: Margit Ester Ru\u00df Wenn Sie mehr wissen&#8230;<\/p>\n","protected":false},"author":2,"featured_media":0,"parent":0,"menu_order":0,"comment_status":"closed","ping_status":"closed","template":"","meta":{"footnotes":""},"class_list":["post-88","page","type-page","status-publish","hentry"],"_links":{"self":[{"href":"https:\/\/tanja-hoyer.de\/index.php?rest_route=\/wp\/v2\/pages\/88","targetHints":{"allow":["GET"]}}],"collection":[{"href":"https:\/\/tanja-hoyer.de\/index.php?rest_route=\/wp\/v2\/pages"}],"about":[{"href":"https:\/\/tanja-hoyer.de\/index.php?rest_route=\/wp\/v2\/types\/page"}],"author":[{"embeddable":true,"href":"https:\/\/tanja-hoyer.de\/index.php?rest_route=\/wp\/v2\/users\/2"}],"replies":[{"embeddable":true,"href":"https:\/\/tanja-hoyer.de\/index.php?rest_route=%2Fwp%2Fv2%2Fcomments&post=88"}],"version-history":[{"count":10,"href":"https:\/\/tanja-hoyer.de\/index.php?rest_route=\/wp\/v2\/pages\/88\/revisions"}],"predecessor-version":[{"id":1476,"href":"https:\/\/tanja-hoyer.de\/index.php?rest_route=\/wp\/v2\/pages\/88\/revisions\/1476"}],"wp:attachment":[{"href":"https:\/\/tanja-hoyer.de\/index.php?rest_route=%2Fwp%2Fv2%2Fmedia&parent=88"}],"curies":[{"name":"wp","href":"https:\/\/api.w.org\/{rel}","templated":true}]}}