{"id":93,"date":"2015-06-01T10:46:58","date_gmt":"2015-06-01T08:46:58","guid":{"rendered":"https:\/\/tanja-hoyer.de\/?page_id=93"},"modified":"2021-07-04T15:32:49","modified_gmt":"2021-07-04T13:32:49","slug":"sexualitaet","status":"publish","type":"page","link":"https:\/\/tanja-hoyer.de\/?page_id=93","title":{"rendered":"Alles rund um Sexalit\u00e4t"},"content":{"rendered":"\n<div class=\"wp-block-image\"><figure class=\"alignright is-resized\"><img loading=\"lazy\" decoding=\"async\" src=\"https:\/\/tanja-hoyer.de\/wp-content\/uploads\/2019\/05\/IMG_5807-e1557224148547-768x1024.jpg\" alt=\"\" class=\"wp-image-670\" width=\"270\" height=\"360\" srcset=\"https:\/\/tanja-hoyer.de\/wp-content\/uploads\/2019\/05\/IMG_5807-e1557224148547-768x1024.jpg 768w, https:\/\/tanja-hoyer.de\/wp-content\/uploads\/2019\/05\/IMG_5807-e1557224148547-225x300.jpg 225w\" sizes=\"auto, (max-width: 270px) 100vw, 270px\" \/><\/figure><\/div>\n\n\n<p><span style=\"color: #808080;\"><em>Mit den Themen theoretischer, praktischer und experimenteller Sexualit\u00e4t besch\u00e4ftige ich mich seit \u00fcber 15 Jahren. Dabei habe ich ein recht gro\u00dfes Spektrum an theoretischem und erlebnisorientierem Wissen angeeignet.<\/em><\/span><\/p>\n<p><span style=\"color: #808080;\"><em>Dabei sind Homosexualit\u00e4t, BDSM, Tantra, Fetischismus und alle Geschlechtsidentit\u00e4ten f\u00fcr mich nichts ungew\u00f6hnliches und Sie finden sicher nichts, \u00fcber das Sie nicht mit mir reden k\u00f6nnen.\u00a0Ich arbeite mit Menschen aller Orientierungen und Identit\u00e4ten.<\/em><\/span><\/p>\n<p><span style=\"color: #808080;\"><em>Des Weiteren ist es mir ein Anliegen, Beziehungskonstruktionen verschiedenster Art zu unterst\u00fctzen, jeder Mensch sollte und darf so leben, wie er sich wohl f\u00fchlt, auch in Beziehungen. Mit dem Thema Beziehungen in seiner Vielseitigkeit habe ich mich ebenfalls sehr intensiv und auf unterschiedlichen Ebenen besch\u00e4ftigt und unterst\u00fctze unter anderem Paare, die ihre Beziehung und\/oder Sexualit\u00e4t erweitern oder ver\u00e4ndern m\u00f6chten.<\/em><\/span><\/p>\n<p><span style=\"color: #808080;\"><i>Sie profitieren in meinen Sitzungen in erster Linie von meinem vielseitigem Wissen, dieses habe ich theoretisch, praktisch und experimentell in den vergangenen 15 Jahren zusammengetragen. Da man ja nie auslernt, habe ich im Oktober 2019 begonnen mein Repertoire zu erweitern und befinde mich in einer Ausbildung zum Sexocorporel &#8211; einer\u00a0<\/i><span style=\"caret-color: #000000;\"><i>k\u00f6rperlich<\/i><\/span><i>\u00a0<\/i><span style=\"caret-color: #000000;\"><i>orientierten<\/i><\/span><i>\u00a0Sexualtherapie.\u00a0<\/i><\/span><\/p>\n<p><em><span style=\"color: #808080;\">Der Sexocorporel ist ein Modell der sexuellen Funktionalit\u00e4t, das alle an der menschlichen Sexualit\u00e4t beteiligten Komponenten ber\u00fccksichtigt. Sexuelle Gesundheit oder Funktionalit\u00e4t definieren wir als die Geburt, Entwicklung, Integration und Harmonisierung der verschiedenen Komponenten, die in der menschlichen Sexualit\u00e4t interagieren. Hier sind die verschiedenen Komponenten der menschlichen Sexualit\u00e4t aufgef\u00fchrt:<\/span><\/em><\/p>\n<ol>\n<li><em><span style=\"color: #808080;\"><b><\/b>Grundlegende Komponente:<\/span><\/em><br \/><em><span style=\"color: #808080;\">Sexuelle Identit\u00e4t aufgrund der Anatomie.<\/span><\/em><\/li>\n<li><em><span style=\"color: #808080;\"><b><\/b>Physiologische Komponenten:<\/span><\/em><br \/><em><span style=\"color: #808080;\">Sexuelle Erregung, sexuelle Erregungsmodi, sexuelle Erregungsquellen, Evaluation der verschiedenen sexuellen Erregungskurven.<\/span><\/em><\/li>\n<li><em><span style=\"color: #808080;\"><b><\/b>Sexodynamische Komponenten:<\/span><\/em><br \/><em><span style=\"color: #808080;\">Gef\u00fchl der Geschlechtszugeh\u00f6rigkeit, sexuelles Lusterleben, sexuelles Begehren, erotische Fantasien, sexuelle Anziehungscodes, sexuelle Selbstsicherheit.<\/span><\/em><\/li>\n<li><em><span style=\"color: #808080;\"><b><\/b>Kognitive Komponenten:<\/span><\/em><br \/><em><span style=\"color: #808080;\">Wissen, Ideologien, Glaubenssysteme, Einstellungen, Kodifizierungen, Werturteile und Idealisierungen.<\/span><\/em><\/li>\n<li><em><span style=\"color: #808080;\"><b><\/b>Beziehungskomponenten:<\/span><\/em><br \/><em><span style=\"color: #808080;\">Erotische und Liebes-Kommunikation, Liebesgef\u00fchl, Verf\u00fchrung und erotische F\u00e4higkeiten.<\/span><\/em><\/li>\n<\/ol>\n<p><em><span style=\"color: #808080;\"><a style=\"color: #808080;\" href=\"https:\/\/tanja-hoyer.de\/wp-content\/uploads\/2015\/05\/heart-583895__180.jpg\">\u00a0<\/a><\/span><\/em><\/p>","protected":false},"excerpt":{"rendered":"<p>Mit den Themen theoretischer, praktischer und experimenteller Sexualit\u00e4t besch\u00e4ftige ich mich seit \u00fcber 15 Jahren. Dabei habe ich ein recht gro\u00dfes Spektrum an theoretischem und erlebnisorientierem Wissen angeeignet. Dabei sind Homosexualit\u00e4t, BDSM, Tantra, Fetischismus und alle Geschlechtsidentit\u00e4ten f\u00fcr mich nichts ungew\u00f6hnliches und Sie finden sicher nichts, \u00fcber das Sie nicht&#8230;<\/p>\n","protected":false},"author":2,"featured_media":0,"parent":0,"menu_order":0,"comment_status":"closed","ping_status":"closed","template":"","meta":{"footnotes":""},"class_list":["post-93","page","type-page","status-publish","hentry"],"_links":{"self":[{"href":"https:\/\/tanja-hoyer.de\/index.php?rest_route=\/wp\/v2\/pages\/93","targetHints":{"allow":["GET"]}}],"collection":[{"href":"https:\/\/tanja-hoyer.de\/index.php?rest_route=\/wp\/v2\/pages"}],"about":[{"href":"https:\/\/tanja-hoyer.de\/index.php?rest_route=\/wp\/v2\/types\/page"}],"author":[{"embeddable":true,"href":"https:\/\/tanja-hoyer.de\/index.php?rest_route=\/wp\/v2\/users\/2"}],"replies":[{"embeddable":true,"href":"https:\/\/tanja-hoyer.de\/index.php?rest_route=%2Fwp%2Fv2%2Fcomments&post=93"}],"version-history":[{"count":9,"href":"https:\/\/tanja-hoyer.de\/index.php?rest_route=\/wp\/v2\/pages\/93\/revisions"}],"predecessor-version":[{"id":1041,"href":"https:\/\/tanja-hoyer.de\/index.php?rest_route=\/wp\/v2\/pages\/93\/revisions\/1041"}],"wp:attachment":[{"href":"https:\/\/tanja-hoyer.de\/index.php?rest_route=%2Fwp%2Fv2%2Fmedia&parent=93"}],"curies":[{"name":"wp","href":"https:\/\/api.w.org\/{rel}","templated":true}]}}